{"id":1624,"date":"2023-05-15T12:00:25","date_gmt":"2023-05-15T12:00:25","guid":{"rendered":"https:\/\/eduspektrum.pl\/?page_id=1624"},"modified":"2023-05-15T12:00:47","modified_gmt":"2023-05-15T12:00:47","slug":"warsztaty-wielkanocne","status":"publish","type":"page","link":"https:\/\/eduspektrum.pl\/index.php\/warsztaty-wielkanocne\/","title":{"rendered":"Warsztaty wielkanocne"},"content":{"rendered":"\t\t<div data-elementor-type=\"wp-page\" data-elementor-id=\"1624\" class=\"elementor elementor-1624\" data-elementor-settings=\"{&quot;ha_cmc_init_switcher&quot;:&quot;no&quot;}\">\n\t\t\t\t<section class=\"elementor-section elementor-top-section elementor-element elementor-element-afe5ec4 elementor-section-boxed elementor-section-height-default elementor-section-height-default\" data-id=\"afe5ec4\" data-element_type=\"section\" data-settings=\"{&quot;_ha_eqh_enable&quot;:false}\">\n\t\t\t\t\t\t<div class=\"elementor-container elementor-column-gap-default\">\n\t\t\t\t\t<div class=\"elementor-column elementor-col-100 elementor-top-column elementor-element elementor-element-556f0113\" data-id=\"556f0113\" data-element_type=\"column\">\n\t\t\t<div class=\"elementor-widget-wrap elementor-element-populated\">\n\t\t\t\t\t\t<div class=\"elementor-element elementor-element-6fcb11d4 elementor-widget elementor-widget-text-editor\" data-id=\"6fcb11d4\" data-element_type=\"widget\" data-widget_type=\"text-editor.default\">\n\t\t\t\t<div class=\"elementor-widget-container\"><p>Kiedy starsze klasy uczestniczy\u0142y w niezwyk\u0142ej lekcji biologii, szkolny korytarz zamieni\u0142 si\u0119 w ogromn\u0105 pracowni\u0119 artystycz\u0105! <img decoding=\"async\" height=\"16\" width=\"16\" alt=\"\u2728\" src=\"https:\/\/static.xx.fbcdn.net\/images\/emoji.php\/v9\/tf4\/1\/16\/2728.png\"><img decoding=\"async\" height=\"16\" width=\"16\" alt=\"\u2764\ufe0f\" src=\"https:\/\/static.xx.fbcdn.net\/images\/emoji.php\/v9\/t6c\/1\/16\/2764.png\"><img decoding=\"async\" height=\"16\" width=\"16\" alt=\"\ud83d\udd8c\ufe0f\" src=\"https:\/\/static.xx.fbcdn.net\/images\/emoji.php\/v9\/t38\/1\/16\/1f58c.png\"><\/p><p>Klasy 0-3 mia\u0142y dzi\u015b wyj\u0105tkowego go\u015bcia &#8211; Pani\u0105 Marcelin\u0119 z <a href=\"https:\/\/www.facebook.com\/farbaumazane?__cft__[0]=AZVXoKarCUO-obQ7560Ryo_AVa_FV7hZfqwoUaEbk2PL9d3etyW8D2zLJSe2ZDuKwiGUY_cbyeEJ_OXPLaOaaSwP1VKvy8NclMzcta-Up_cHqaVan4e5uj_SgQUWA_v0blTzwASo6Rp2yGFVxuphLgTk&amp;__tn__=-]K-R\">Farb\u0105 Umazane<\/a>, kt\u00f3ra poprowadzi\u0142a warsztaty wielkanoce u naszych najm\u0142odszych uczni\u00f3w! <img decoding=\"async\" height=\"16\" width=\"16\" alt=\"\u2764\ufe0f\" src=\"https:\/\/static.xx.fbcdn.net\/images\/emoji.php\/v9\/t6c\/1\/16\/2764.png\"><img loading=\"lazy\" decoding=\"async\" height=\"16\" width=\"16\" alt=\"\ud83d\udc07\" src=\"https:\/\/static.xx.fbcdn.net\/images\/emoji.php\/v9\/td3\/1\/16\/1f407.png\"><\/p><p>Pani Marcelinko, bardzo dzi\u0119kujemy za S U P E R warsztaty! <img loading=\"lazy\" decoding=\"async\" height=\"16\" width=\"16\" alt=\"\ud83e\udd70\" src=\"https:\/\/static.xx.fbcdn.net\/images\/emoji.php\/v9\/tea\/1\/16\/1f970.png\"><\/p><p>Fotorelacja<img loading=\"lazy\" decoding=\"async\" height=\"16\" width=\"16\" alt=\"\ud83d\udcf8\" src=\"https:\/\/static.xx.fbcdn.net\/images\/emoji.php\/v9\/tde\/1\/16\/1f4f8.png\"><\/p><\/div>\n\t\t\t\t<\/div>\n\t\t\t\t\t<\/div>\n\t\t<\/div>\n\t\t\t\t\t<\/div>\n\t\t<\/section>\n\t\t\t\t<section class=\"elementor-section elementor-top-section elementor-element elementor-element-7279b02 elementor-section-boxed elementor-section-height-default elementor-section-height-default\" data-id=\"7279b02\" data-element_type=\"section\" data-settings=\"{&quot;_ha_eqh_enable&quot;:false}\">\n\t\t\t\t\t\t<div class=\"elementor-container elementor-column-gap-default\">\n\t\t\t\t\t<div class=\"elementor-column elementor-col-100 elementor-top-column elementor-element elementor-element-0e8488b\" data-id=\"0e8488b\" data-element_type=\"column\">\n\t\t\t<div class=\"elementor-widget-wrap elementor-element-populated\">\n\t\t\t\t\t\t<div class=\"elementor-element elementor-element-5b389b8 elementor-widget elementor-widget-gallery\" data-id=\"5b389b8\" data-element_type=\"widget\" data-settings=\"{&quot;lazyload&quot;:&quot;yes&quot;,&quot;gallery_layout&quot;:&quot;grid&quot;,&quot;columns&quot;:4,&quot;columns_tablet&quot;:2,&quot;columns_mobile&quot;:1,&quot;gap&quot;:{&quot;unit&quot;:&quot;px&quot;,&quot;size&quot;:10,&quot;sizes&quot;:[]},&quot;gap_tablet&quot;:{&quot;unit&quot;:&quot;px&quot;,&quot;size&quot;:10,&quot;sizes&quot;:[]},&quot;gap_mobile&quot;:{&quot;unit&quot;:&quot;px&quot;,&quot;size&quot;:10,&quot;sizes&quot;:[]},&quot;link_to&quot;:&quot;file&quot;,&quot;aspect_ratio&quot;:&quot;3:2&quot;,&quot;overlay_background&quot;:&quot;yes&quot;,&quot;content_hover_animation&quot;:&quot;fade-in&quot;}\" data-widget_type=\"gallery.default\">\n\t\t\t\t<div class=\"elementor-widget-container\">\n\t\t\t\t\t\t\t<div class=\"elementor-gallery__container\">\n\t\t\t\t\t\t\t<a class=\"e-gallery-item elementor-gallery-item elementor-animated-content\" href=\"https:\/\/eduspektrum.pl\/wp-content\/uploads\/2023\/05\/338580057_546184114327863_1191732154666202673_n.jpg\" data-elementor-open-lightbox=\"yes\" data-elementor-lightbox-slideshow=\"all-5b389b8\" data-elementor-lightbox-title=\"338580057_546184114327863_1191732154666202673_n\" data-e-action-hash=\"#elementor-action%3Aaction%3Dlightbox%26settings%3DeyJpZCI6MTYyNSwidXJsIjoiaHR0cHM6XC9cL2VkdXNwZWt0cnVtLnBsXC93cC1jb250ZW50XC91cGxvYWRzXC8yMDIzXC8wNVwvMzM4NTgwMDU3XzU0NjE4NDExNDMyNzg2M18xMTkxNzMyMTU0NjY2MjAyNjczX24uanBnIiwic2xpZGVzaG93IjoiYWxsLTViMzg5YjgifQ%3D%3D\">\n\t\t\t\t\t<div class=\"e-gallery-image elementor-gallery-item__image\" data-thumbnail=\"https:\/\/eduspektrum.pl\/wp-content\/uploads\/2023\/05\/338580057_546184114327863_1191732154666202673_n-225x300.jpg\" data-width=\"225\" data-height=\"300\" alt=\"\" ><\/div>\n\t\t\t\t\t\t\t\t\t\t\t<div class=\"elementor-gallery-item__overlay\"><\/div>\n\t\t\t\t\t\t\t\t\t\t\t\t\t\t<\/a>\n\t\t\t\t\t\t\t<a class=\"e-gallery-item elementor-gallery-item elementor-animated-content\" href=\"https:\/\/eduspektrum.pl\/wp-content\/uploads\/2023\/05\/338722427_194909626613999_6318171523562753813_n.jpg\" data-elementor-open-lightbox=\"yes\" data-elementor-lightbox-slideshow=\"all-5b389b8\" data-elementor-lightbox-title=\"338722427_194909626613999_6318171523562753813_n\" data-e-action-hash=\"#elementor-action%3Aaction%3Dlightbox%26settings%3DeyJpZCI6MTYyNiwidXJsIjoiaHR0cHM6XC9cL2VkdXNwZWt0cnVtLnBsXC93cC1jb250ZW50XC91cGxvYWRzXC8yMDIzXC8wNVwvMzM4NzIyNDI3XzE5NDkwOTYyNjYxMzk5OV82MzE4MTcxNTIzNTYyNzUzODEzX24uanBnIiwic2xpZGVzaG93IjoiYWxsLTViMzg5YjgifQ%3D%3D\">\n\t\t\t\t\t<div class=\"e-gallery-image elementor-gallery-item__image\" data-thumbnail=\"https:\/\/eduspektrum.pl\/wp-content\/uploads\/2023\/05\/338722427_194909626613999_6318171523562753813_n-225x300.jpg\" data-width=\"225\" data-height=\"300\" alt=\"\" ><\/div>\n\t\t\t\t\t\t\t\t\t\t\t<div class=\"elementor-gallery-item__overlay\"><\/div>\n\t\t\t\t\t\t\t\t\t\t\t\t\t\t<\/a>\n\t\t\t\t\t\t\t<a class=\"e-gallery-item elementor-gallery-item elementor-animated-content\" href=\"https:\/\/eduspektrum.pl\/wp-content\/uploads\/2023\/05\/338830356_942474890119239_7986880060917658793_n.jpg\" data-elementor-open-lightbox=\"yes\" data-elementor-lightbox-slideshow=\"all-5b389b8\" data-elementor-lightbox-title=\"338830356_942474890119239_7986880060917658793_n\" data-e-action-hash=\"#elementor-action%3Aaction%3Dlightbox%26settings%3DeyJpZCI6MTYyNywidXJsIjoiaHR0cHM6XC9cL2VkdXNwZWt0cnVtLnBsXC93cC1jb250ZW50XC91cGxvYWRzXC8yMDIzXC8wNVwvMzM4ODMwMzU2Xzk0MjQ3NDg5MDExOTIzOV83OTg2ODgwMDYwOTE3NjU4NzkzX24uanBnIiwic2xpZGVzaG93IjoiYWxsLTViMzg5YjgifQ%3D%3D\">\n\t\t\t\t\t<div class=\"e-gallery-image elementor-gallery-item__image\" data-thumbnail=\"https:\/\/eduspektrum.pl\/wp-content\/uploads\/2023\/05\/338830356_942474890119239_7986880060917658793_n-225x300.jpg\" data-width=\"225\" data-height=\"300\" alt=\"\" ><\/div>\n\t\t\t\t\t\t\t\t\t\t\t<div class=\"elementor-gallery-item__overlay\"><\/div>\n\t\t\t\t\t\t\t\t\t\t\t\t\t\t<\/a>\n\t\t\t\t\t\t\t<a class=\"e-gallery-item elementor-gallery-item elementor-animated-content\" href=\"https:\/\/eduspektrum.pl\/wp-content\/uploads\/2023\/05\/338892380_146119148406767_3023243939587660246_n.jpg\" data-elementor-open-lightbox=\"yes\" data-elementor-lightbox-slideshow=\"all-5b389b8\" data-elementor-lightbox-title=\"338892380_146119148406767_3023243939587660246_n\" data-e-action-hash=\"#elementor-action%3Aaction%3Dlightbox%26settings%3DeyJpZCI6MTYyOCwidXJsIjoiaHR0cHM6XC9cL2VkdXNwZWt0cnVtLnBsXC93cC1jb250ZW50XC91cGxvYWRzXC8yMDIzXC8wNVwvMzM4ODkyMzgwXzE0NjExOTE0ODQwNjc2N18zMDIzMjQzOTM5NTg3NjYwMjQ2X24uanBnIiwic2xpZGVzaG93IjoiYWxsLTViMzg5YjgifQ%3D%3D\">\n\t\t\t\t\t<div class=\"e-gallery-image elementor-gallery-item__image\" data-thumbnail=\"https:\/\/eduspektrum.pl\/wp-content\/uploads\/2023\/05\/338892380_146119148406767_3023243939587660246_n-300x225.jpg\" data-width=\"300\" data-height=\"225\" alt=\"\" ><\/div>\n\t\t\t\t\t\t\t\t\t\t\t<div class=\"elementor-gallery-item__overlay\"><\/div>\n\t\t\t\t\t\t\t\t\t\t\t\t\t\t<\/a>\n\t\t\t\t\t\t\t<a class=\"e-gallery-item elementor-gallery-item elementor-animated-content\" href=\"https:\/\/eduspektrum.pl\/wp-content\/uploads\/2023\/05\/338929375_197641186348797_7139007047321727663_n.jpg\" data-elementor-open-lightbox=\"yes\" data-elementor-lightbox-slideshow=\"all-5b389b8\" data-elementor-lightbox-title=\"338929375_197641186348797_7139007047321727663_n\" data-e-action-hash=\"#elementor-action%3Aaction%3Dlightbox%26settings%3DeyJpZCI6MTYyOSwidXJsIjoiaHR0cHM6XC9cL2VkdXNwZWt0cnVtLnBsXC93cC1jb250ZW50XC91cGxvYWRzXC8yMDIzXC8wNVwvMzM4OTI5Mzc1XzE5NzY0MTE4NjM0ODc5N183MTM5MDA3MDQ3MzIxNzI3NjYzX24uanBnIiwic2xpZGVzaG93IjoiYWxsLTViMzg5YjgifQ%3D%3D\">\n\t\t\t\t\t<div class=\"e-gallery-image elementor-gallery-item__image\" data-thumbnail=\"https:\/\/eduspektrum.pl\/wp-content\/uploads\/2023\/05\/338929375_197641186348797_7139007047321727663_n-225x300.jpg\" data-width=\"225\" data-height=\"300\" alt=\"\" ><\/div>\n\t\t\t\t\t\t\t\t\t\t\t<div class=\"elementor-gallery-item__overlay\"><\/div>\n\t\t\t\t\t\t\t\t\t\t\t\t\t\t<\/a>\n\t\t\t\t\t\t\t<a class=\"e-gallery-item elementor-gallery-item elementor-animated-content\" href=\"https:\/\/eduspektrum.pl\/wp-content\/uploads\/2023\/05\/338963212_750258929982847_1777390167360117542_n.jpg\" data-elementor-open-lightbox=\"yes\" data-elementor-lightbox-slideshow=\"all-5b389b8\" data-elementor-lightbox-title=\"338963212_750258929982847_1777390167360117542_n\" data-e-action-hash=\"#elementor-action%3Aaction%3Dlightbox%26settings%3DeyJpZCI6MTYzMCwidXJsIjoiaHR0cHM6XC9cL2VkdXNwZWt0cnVtLnBsXC93cC1jb250ZW50XC91cGxvYWRzXC8yMDIzXC8wNVwvMzM4OTYzMjEyXzc1MDI1ODkyOTk4Mjg0N18xNzc3MzkwMTY3MzYwMTE3NTQyX24uanBnIiwic2xpZGVzaG93IjoiYWxsLTViMzg5YjgifQ%3D%3D\">\n\t\t\t\t\t<div class=\"e-gallery-image elementor-gallery-item__image\" data-thumbnail=\"https:\/\/eduspektrum.pl\/wp-content\/uploads\/2023\/05\/338963212_750258929982847_1777390167360117542_n-225x300.jpg\" data-width=\"225\" data-height=\"300\" alt=\"\" ><\/div>\n\t\t\t\t\t\t\t\t\t\t\t<div class=\"elementor-gallery-item__overlay\"><\/div>\n\t\t\t\t\t\t\t\t\t\t\t\t\t\t<\/a>\n\t\t\t\t\t\t\t<a class=\"e-gallery-item elementor-gallery-item elementor-animated-content\" href=\"https:\/\/eduspektrum.pl\/wp-content\/uploads\/2023\/05\/339045558_219294844086940_9222600299104566152_n.jpg\" data-elementor-open-lightbox=\"yes\" data-elementor-lightbox-slideshow=\"all-5b389b8\" data-elementor-lightbox-title=\"339045558_219294844086940_9222600299104566152_n\" data-e-action-hash=\"#elementor-action%3Aaction%3Dlightbox%26settings%3DeyJpZCI6MTYzMSwidXJsIjoiaHR0cHM6XC9cL2VkdXNwZWt0cnVtLnBsXC93cC1jb250ZW50XC91cGxvYWRzXC8yMDIzXC8wNVwvMzM5MDQ1NTU4XzIxOTI5NDg0NDA4Njk0MF85MjIyNjAwMjk5MTA0NTY2MTUyX24uanBnIiwic2xpZGVzaG93IjoiYWxsLTViMzg5YjgifQ%3D%3D\">\n\t\t\t\t\t<div class=\"e-gallery-image elementor-gallery-item__image\" data-thumbnail=\"https:\/\/eduspektrum.pl\/wp-content\/uploads\/2023\/05\/339045558_219294844086940_9222600299104566152_n-225x300.jpg\" data-width=\"225\" data-height=\"300\" alt=\"\" ><\/div>\n\t\t\t\t\t\t\t\t\t\t\t<div class=\"elementor-gallery-item__overlay\"><\/div>\n\t\t\t\t\t\t\t\t\t\t\t\t\t\t<\/a>\n\t\t\t\t\t\t\t<a class=\"e-gallery-item elementor-gallery-item elementor-animated-content\" href=\"https:\/\/eduspektrum.pl\/wp-content\/uploads\/2023\/05\/339057988_756701622500378_8329499379790206406_n.jpg\" data-elementor-open-lightbox=\"yes\" data-elementor-lightbox-slideshow=\"all-5b389b8\" data-elementor-lightbox-title=\"339057988_756701622500378_8329499379790206406_n\" data-e-action-hash=\"#elementor-action%3Aaction%3Dlightbox%26settings%3DeyJpZCI6MTYzMiwidXJsIjoiaHR0cHM6XC9cL2VkdXNwZWt0cnVtLnBsXC93cC1jb250ZW50XC91cGxvYWRzXC8yMDIzXC8wNVwvMzM5MDU3OTg4Xzc1NjcwMTYyMjUwMDM3OF84MzI5NDk5Mzc5NzkwMjA2NDA2X24uanBnIiwic2xpZGVzaG93IjoiYWxsLTViMzg5YjgifQ%3D%3D\">\n\t\t\t\t\t<div class=\"e-gallery-image elementor-gallery-item__image\" data-thumbnail=\"https:\/\/eduspektrum.pl\/wp-content\/uploads\/2023\/05\/339057988_756701622500378_8329499379790206406_n-225x300.jpg\" data-width=\"225\" data-height=\"300\" alt=\"\" ><\/div>\n\t\t\t\t\t\t\t\t\t\t\t<div class=\"elementor-gallery-item__overlay\"><\/div>\n\t\t\t\t\t\t\t\t\t\t\t\t\t\t<\/a>\n\t\t\t\t\t\t\t<a class=\"e-gallery-item elementor-gallery-item elementor-animated-content\" href=\"https:\/\/eduspektrum.pl\/wp-content\/uploads\/2023\/05\/339147699_135761752790987_8144603950221410142_n.jpg\" data-elementor-open-lightbox=\"yes\" data-elementor-lightbox-slideshow=\"all-5b389b8\" data-elementor-lightbox-title=\"339147699_135761752790987_8144603950221410142_n\" data-e-action-hash=\"#elementor-action%3Aaction%3Dlightbox%26settings%3DeyJpZCI6MTYzMywidXJsIjoiaHR0cHM6XC9cL2VkdXNwZWt0cnVtLnBsXC93cC1jb250ZW50XC91cGxvYWRzXC8yMDIzXC8wNVwvMzM5MTQ3Njk5XzEzNTc2MTc1Mjc5MDk4N184MTQ0NjAzOTUwMjIxNDEwMTQyX24uanBnIiwic2xpZGVzaG93IjoiYWxsLTViMzg5YjgifQ%3D%3D\">\n\t\t\t\t\t<div class=\"e-gallery-image elementor-gallery-item__image\" data-thumbnail=\"https:\/\/eduspektrum.pl\/wp-content\/uploads\/2023\/05\/339147699_135761752790987_8144603950221410142_n-225x300.jpg\" data-width=\"225\" data-height=\"300\" alt=\"\" ><\/div>\n\t\t\t\t\t\t\t\t\t\t\t<div class=\"elementor-gallery-item__overlay\"><\/div>\n\t\t\t\t\t\t\t\t\t\t\t\t\t\t<\/a>\n\t\t\t\t\t\t\t<a class=\"e-gallery-item elementor-gallery-item elementor-animated-content\" href=\"https:\/\/eduspektrum.pl\/wp-content\/uploads\/2023\/05\/339268390_498476592333396_5082336642370051278_n.jpg\" data-elementor-open-lightbox=\"yes\" data-elementor-lightbox-slideshow=\"all-5b389b8\" data-elementor-lightbox-title=\"339268390_498476592333396_5082336642370051278_n\" data-e-action-hash=\"#elementor-action%3Aaction%3Dlightbox%26settings%3DeyJpZCI6MTYzNCwidXJsIjoiaHR0cHM6XC9cL2VkdXNwZWt0cnVtLnBsXC93cC1jb250ZW50XC91cGxvYWRzXC8yMDIzXC8wNVwvMzM5MjY4MzkwXzQ5ODQ3NjU5MjMzMzM5Nl81MDgyMzM2NjQyMzcwMDUxMjc4X24uanBnIiwic2xpZGVzaG93IjoiYWxsLTViMzg5YjgifQ%3D%3D\">\n\t\t\t\t\t<div class=\"e-gallery-image elementor-gallery-item__image\" data-thumbnail=\"https:\/\/eduspektrum.pl\/wp-content\/uploads\/2023\/05\/339268390_498476592333396_5082336642370051278_n-225x300.jpg\" data-width=\"225\" data-height=\"300\" alt=\"\" ><\/div>\n\t\t\t\t\t\t\t\t\t\t\t<div class=\"elementor-gallery-item__overlay\"><\/div>\n\t\t\t\t\t\t\t\t\t\t\t\t\t\t<\/a>\n\t\t\t\t\t\t\t<a class=\"e-gallery-item elementor-gallery-item elementor-animated-content\" href=\"https:\/\/eduspektrum.pl\/wp-content\/uploads\/2023\/05\/339409549_613771143943535_5643608539130280883_n.jpg\" data-elementor-open-lightbox=\"yes\" data-elementor-lightbox-slideshow=\"all-5b389b8\" data-elementor-lightbox-title=\"339409549_613771143943535_5643608539130280883_n\" data-e-action-hash=\"#elementor-action%3Aaction%3Dlightbox%26settings%3DeyJpZCI6MTYzNSwidXJsIjoiaHR0cHM6XC9cL2VkdXNwZWt0cnVtLnBsXC93cC1jb250ZW50XC91cGxvYWRzXC8yMDIzXC8wNVwvMzM5NDA5NTQ5XzYxMzc3MTE0Mzk0MzUzNV81NjQzNjA4NTM5MTMwMjgwODgzX24uanBnIiwic2xpZGVzaG93IjoiYWxsLTViMzg5YjgifQ%3D%3D\">\n\t\t\t\t\t<div class=\"e-gallery-image elementor-gallery-item__image\" data-thumbnail=\"https:\/\/eduspektrum.pl\/wp-content\/uploads\/2023\/05\/339409549_613771143943535_5643608539130280883_n-225x300.jpg\" data-width=\"225\" data-height=\"300\" alt=\"\" ><\/div>\n\t\t\t\t\t\t\t\t\t\t\t<div class=\"elementor-gallery-item__overlay\"><\/div>\n\t\t\t\t\t\t\t\t\t\t\t\t\t\t<\/a>\n\t\t\t\t\t\t\t<a class=\"e-gallery-item elementor-gallery-item elementor-animated-content\" href=\"https:\/\/eduspektrum.pl\/wp-content\/uploads\/2023\/05\/339422552_525132593142909_8088079747881570056_n.jpg\" data-elementor-open-lightbox=\"yes\" data-elementor-lightbox-slideshow=\"all-5b389b8\" data-elementor-lightbox-title=\"339422552_525132593142909_8088079747881570056_n\" data-e-action-hash=\"#elementor-action%3Aaction%3Dlightbox%26settings%3DeyJpZCI6MTYzNiwidXJsIjoiaHR0cHM6XC9cL2VkdXNwZWt0cnVtLnBsXC93cC1jb250ZW50XC91cGxvYWRzXC8yMDIzXC8wNVwvMzM5NDIyNTUyXzUyNTEzMjU5MzE0MjkwOV84MDg4MDc5NzQ3ODgxNTcwMDU2X24uanBnIiwic2xpZGVzaG93IjoiYWxsLTViMzg5YjgifQ%3D%3D\">\n\t\t\t\t\t<div class=\"e-gallery-image elementor-gallery-item__image\" data-thumbnail=\"https:\/\/eduspektrum.pl\/wp-content\/uploads\/2023\/05\/339422552_525132593142909_8088079747881570056_n-225x300.jpg\" data-width=\"225\" data-height=\"300\" alt=\"\" ><\/div>\n\t\t\t\t\t\t\t\t\t\t\t<div class=\"elementor-gallery-item__overlay\"><\/div>\n\t\t\t\t\t\t\t\t\t\t\t\t\t\t<\/a>\n\t\t\t\t\t\t\t<a class=\"e-gallery-item elementor-gallery-item elementor-animated-content\" href=\"https:\/\/eduspektrum.pl\/wp-content\/uploads\/2023\/05\/339471077_798764454503336_2039908657653954940_n.jpg\" data-elementor-open-lightbox=\"yes\" data-elementor-lightbox-slideshow=\"all-5b389b8\" data-elementor-lightbox-title=\"339471077_798764454503336_2039908657653954940_n\" data-e-action-hash=\"#elementor-action%3Aaction%3Dlightbox%26settings%3DeyJpZCI6MTYzNywidXJsIjoiaHR0cHM6XC9cL2VkdXNwZWt0cnVtLnBsXC93cC1jb250ZW50XC91cGxvYWRzXC8yMDIzXC8wNVwvMzM5NDcxMDc3Xzc5ODc2NDQ1NDUwMzMzNl8yMDM5OTA4NjU3NjUzOTU0OTQwX24uanBnIiwic2xpZGVzaG93IjoiYWxsLTViMzg5YjgifQ%3D%3D\">\n\t\t\t\t\t<div class=\"e-gallery-image elementor-gallery-item__image\" data-thumbnail=\"https:\/\/eduspektrum.pl\/wp-content\/uploads\/2023\/05\/339471077_798764454503336_2039908657653954940_n-300x225.jpg\" data-width=\"300\" data-height=\"225\" alt=\"\" ><\/div>\n\t\t\t\t\t\t\t\t\t\t\t<div class=\"elementor-gallery-item__overlay\"><\/div>\n\t\t\t\t\t\t\t\t\t\t\t\t\t\t<\/a>\n\t\t\t\t\t\t\t<a class=\"e-gallery-item elementor-gallery-item elementor-animated-content\" href=\"https:\/\/eduspektrum.pl\/wp-content\/uploads\/2023\/05\/339609698_262557939490221_6317334977902995914_n.jpg\" data-elementor-open-lightbox=\"yes\" data-elementor-lightbox-slideshow=\"all-5b389b8\" data-elementor-lightbox-title=\"339609698_262557939490221_6317334977902995914_n\" data-e-action-hash=\"#elementor-action%3Aaction%3Dlightbox%26settings%3DeyJpZCI6MTYzOCwidXJsIjoiaHR0cHM6XC9cL2VkdXNwZWt0cnVtLnBsXC93cC1jb250ZW50XC91cGxvYWRzXC8yMDIzXC8wNVwvMzM5NjA5Njk4XzI2MjU1NzkzOTQ5MDIyMV82MzE3MzM0OTc3OTAyOTk1OTE0X24uanBnIiwic2xpZGVzaG93IjoiYWxsLTViMzg5YjgifQ%3D%3D\">\n\t\t\t\t\t<div class=\"e-gallery-image elementor-gallery-item__image\" data-thumbnail=\"https:\/\/eduspektrum.pl\/wp-content\/uploads\/2023\/05\/339609698_262557939490221_6317334977902995914_n-225x300.jpg\" data-width=\"225\" data-height=\"300\" alt=\"\" ><\/div>\n\t\t\t\t\t\t\t\t\t\t\t<div class=\"elementor-gallery-item__overlay\"><\/div>\n\t\t\t\t\t\t\t\t\t\t\t\t\t\t<\/a>\n\t\t\t\t\t\t\t<a class=\"e-gallery-item elementor-gallery-item elementor-animated-content\" href=\"https:\/\/eduspektrum.pl\/wp-content\/uploads\/2023\/05\/339623420_108471835533017_9097360374295306255_n.jpg\" data-elementor-open-lightbox=\"yes\" data-elementor-lightbox-slideshow=\"all-5b389b8\" data-elementor-lightbox-title=\"339623420_108471835533017_9097360374295306255_n\" data-e-action-hash=\"#elementor-action%3Aaction%3Dlightbox%26settings%3DeyJpZCI6MTYzOSwidXJsIjoiaHR0cHM6XC9cL2VkdXNwZWt0cnVtLnBsXC93cC1jb250ZW50XC91cGxvYWRzXC8yMDIzXC8wNVwvMzM5NjIzNDIwXzEwODQ3MTgzNTUzMzAxN185MDk3MzYwMzc0Mjk1MzA2MjU1X24uanBnIiwic2xpZGVzaG93IjoiYWxsLTViMzg5YjgifQ%3D%3D\">\n\t\t\t\t\t<div class=\"e-gallery-image elementor-gallery-item__image\" data-thumbnail=\"https:\/\/eduspektrum.pl\/wp-content\/uploads\/2023\/05\/339623420_108471835533017_9097360374295306255_n-225x300.jpg\" data-width=\"225\" data-height=\"300\" alt=\"\" ><\/div>\n\t\t\t\t\t\t\t\t\t\t\t<div class=\"elementor-gallery-item__overlay\"><\/div>\n\t\t\t\t\t\t\t\t\t\t\t\t\t\t<\/a>\n\t\t\t\t\t\t\t<a class=\"e-gallery-item elementor-gallery-item elementor-animated-content\" href=\"https:\/\/eduspektrum.pl\/wp-content\/uploads\/2023\/05\/339651830_171642199089384_3446470187318116481_n.jpg\" data-elementor-open-lightbox=\"yes\" data-elementor-lightbox-slideshow=\"all-5b389b8\" data-elementor-lightbox-title=\"339651830_171642199089384_3446470187318116481_n\" data-e-action-hash=\"#elementor-action%3Aaction%3Dlightbox%26settings%3DeyJpZCI6MTY0MCwidXJsIjoiaHR0cHM6XC9cL2VkdXNwZWt0cnVtLnBsXC93cC1jb250ZW50XC91cGxvYWRzXC8yMDIzXC8wNVwvMzM5NjUxODMwXzE3MTY0MjE5OTA4OTM4NF8zNDQ2NDcwMTg3MzE4MTE2NDgxX24uanBnIiwic2xpZGVzaG93IjoiYWxsLTViMzg5YjgifQ%3D%3D\">\n\t\t\t\t\t<div class=\"e-gallery-image elementor-gallery-item__image\" data-thumbnail=\"https:\/\/eduspektrum.pl\/wp-content\/uploads\/2023\/05\/339651830_171642199089384_3446470187318116481_n-225x300.jpg\" data-width=\"225\" data-height=\"300\" alt=\"\" ><\/div>\n\t\t\t\t\t\t\t\t\t\t\t<div class=\"elementor-gallery-item__overlay\"><\/div>\n\t\t\t\t\t\t\t\t\t\t\t\t\t\t<\/a>\n\t\t\t\t\t\t\t<a class=\"e-gallery-item elementor-gallery-item elementor-animated-content\" href=\"https:\/\/eduspektrum.pl\/wp-content\/uploads\/2023\/05\/339722948_748658340313775_3399127098961814093_n.jpg\" data-elementor-open-lightbox=\"yes\" data-elementor-lightbox-slideshow=\"all-5b389b8\" data-elementor-lightbox-title=\"339722948_748658340313775_3399127098961814093_n\" data-e-action-hash=\"#elementor-action%3Aaction%3Dlightbox%26settings%3DeyJpZCI6MTY0MSwidXJsIjoiaHR0cHM6XC9cL2VkdXNwZWt0cnVtLnBsXC93cC1jb250ZW50XC91cGxvYWRzXC8yMDIzXC8wNVwvMzM5NzIyOTQ4Xzc0ODY1ODM0MDMxMzc3NV8zMzk5MTI3MDk4OTYxODE0MDkzX24uanBnIiwic2xpZGVzaG93IjoiYWxsLTViMzg5YjgifQ%3D%3D\">\n\t\t\t\t\t<div class=\"e-gallery-image elementor-gallery-item__image\" data-thumbnail=\"https:\/\/eduspektrum.pl\/wp-content\/uploads\/2023\/05\/339722948_748658340313775_3399127098961814093_n-225x300.jpg\" data-width=\"225\" data-height=\"300\" alt=\"\" ><\/div>\n\t\t\t\t\t\t\t\t\t\t\t<div class=\"elementor-gallery-item__overlay\"><\/div>\n\t\t\t\t\t\t\t\t\t\t\t\t\t\t<\/a>\n\t\t\t\t\t\t\t<a class=\"e-gallery-item elementor-gallery-item elementor-animated-content\" href=\"https:\/\/eduspektrum.pl\/wp-content\/uploads\/2023\/05\/339846925_902991800745547_6955659215037587344_n.jpg\" data-elementor-open-lightbox=\"yes\" data-elementor-lightbox-slideshow=\"all-5b389b8\" data-elementor-lightbox-title=\"339846925_902991800745547_6955659215037587344_n\" data-e-action-hash=\"#elementor-action%3Aaction%3Dlightbox%26settings%3DeyJpZCI6MTY0MiwidXJsIjoiaHR0cHM6XC9cL2VkdXNwZWt0cnVtLnBsXC93cC1jb250ZW50XC91cGxvYWRzXC8yMDIzXC8wNVwvMzM5ODQ2OTI1XzkwMjk5MTgwMDc0NTU0N182OTU1NjU5MjE1MDM3NTg3MzQ0X24uanBnIiwic2xpZGVzaG93IjoiYWxsLTViMzg5YjgifQ%3D%3D\">\n\t\t\t\t\t<div class=\"e-gallery-image elementor-gallery-item__image\" data-thumbnail=\"https:\/\/eduspektrum.pl\/wp-content\/uploads\/2023\/05\/339846925_902991800745547_6955659215037587344_n-225x300.jpg\" data-width=\"225\" data-height=\"300\" alt=\"\" ><\/div>\n\t\t\t\t\t\t\t\t\t\t\t<div class=\"elementor-gallery-item__overlay\"><\/div>\n\t\t\t\t\t\t\t\t\t\t\t\t\t\t<\/a>\n\t\t\t\t\t<\/div>\n\t\t\t\t\t<\/div>\n\t\t\t\t<\/div>\n\t\t\t\t\t<\/div>\n\t\t<\/div>\n\t\t\t\t\t<\/div>\n\t\t<\/section>\t\t<\/div>\n\t\t","protected":false},"excerpt":{"rendered":"<p>Kiedy starsze klasy uczestniczy\u0142y w niezwyk\u0142ej lekcji biologii, szkolny korytarz zamieni\u0142 si\u0119 w ogromn\u0105 pracowni\u0119 artystycz\u0105! Klasy 0-3 mia\u0142y dzi\u015b wyj\u0105tkowego go\u015bcia &#8211; Pani\u0105 Marcelin\u0119 z Farb\u0105 Umazane, kt\u00f3ra poprowadzi\u0142a warsztaty wielkanoce u naszych najm\u0142odszych uczni\u00f3w! Pani Marcelinko, bardzo dzi\u0119kujemy za S U P E R warsztaty! Fotorelacja<\/p>\n","protected":false},"author":1,"featured_media":0,"parent":0,"menu_order":0,"comment_status":"closed","ping_status":"closed","template":"","meta":{"footnotes":""},"class_list":["post-1624","page","type-page","status-publish","hentry"],"_links":{"self":[{"href":"https:\/\/eduspektrum.pl\/index.php\/wp-json\/wp\/v2\/pages\/1624","targetHints":{"allow":["GET"]}}],"collection":[{"href":"https:\/\/eduspektrum.pl\/index.php\/wp-json\/wp\/v2\/pages"}],"about":[{"href":"https:\/\/eduspektrum.pl\/index.php\/wp-json\/wp\/v2\/types\/page"}],"author":[{"embeddable":true,"href":"https:\/\/eduspektrum.pl\/index.php\/wp-json\/wp\/v2\/users\/1"}],"replies":[{"embeddable":true,"href":"https:\/\/eduspektrum.pl\/index.php\/wp-json\/wp\/v2\/comments?post=1624"}],"version-history":[{"count":3,"href":"https:\/\/eduspektrum.pl\/index.php\/wp-json\/wp\/v2\/pages\/1624\/revisions"}],"predecessor-version":[{"id":1645,"href":"https:\/\/eduspektrum.pl\/index.php\/wp-json\/wp\/v2\/pages\/1624\/revisions\/1645"}],"wp:attachment":[{"href":"https:\/\/eduspektrum.pl\/index.php\/wp-json\/wp\/v2\/media?parent=1624"}],"curies":[{"name":"wp","href":"https:\/\/api.w.org\/{rel}","templated":true}]}}