{"id":3169,"date":"2025-07-24T07:42:19","date_gmt":"2025-07-24T07:42:19","guid":{"rendered":"https:\/\/eduspektrum.pl\/?page_id=3169"},"modified":"2025-08-21T08:52:56","modified_gmt":"2025-08-21T08:52:56","slug":"biezace-informacje","status":"publish","type":"page","link":"https:\/\/eduspektrum.pl\/index.php\/biezace-informacje\/","title":{"rendered":"NOWY ROK SZKOLNY"},"content":{"rendered":"\t\t<div data-elementor-type=\"wp-page\" data-elementor-id=\"3169\" class=\"elementor elementor-3169\" data-elementor-settings=\"{&quot;ha_cmc_init_switcher&quot;:&quot;no&quot;}\">\n\t\t\t\t\t\t<section class=\"elementor-section elementor-top-section elementor-element elementor-element-87dfebb elementor-section-boxed elementor-section-height-default elementor-section-height-default\" data-id=\"87dfebb\" data-element_type=\"section\" data-settings=\"{&quot;_ha_eqh_enable&quot;:false}\">\n\t\t\t\t\t\t<div class=\"elementor-container elementor-column-gap-default\">\n\t\t\t\t\t<div class=\"elementor-column elementor-col-100 elementor-top-column elementor-element elementor-element-d7a2a49\" data-id=\"d7a2a49\" data-element_type=\"column\">\n\t\t\t<div class=\"elementor-widget-wrap elementor-element-populated\">\n\t\t\t\t\t\t<div class=\"elementor-element elementor-element-6851f87 elementor-widget elementor-widget-ha-pdf-view happy-addon ha-pdf-view\" data-id=\"6851f87\" data-element_type=\"widget\" data-widget_type=\"ha-pdf-view.default\">\n\t\t\t\t<div class=\"elementor-widget-container\">\n\t\t\t\t\t        <div class=\"pdf_viewer_container\">\n            <div class=\"pdf_viewer_options viewer-6851f87\" data-pdf-settings=\"{&quot;unique_id&quot;:&quot;viewer-6851f87&quot;,&quot;pdf_url&quot;:&quot;https:\\\/\\\/drive.google.com\\\/file\\\/d\\\/1SbSgZzV0ZDIw_cYGd4plbRTO3MtpQw0l\\\/view?usp=sharing&quot;,&quot;file_type&quot;:&quot;url&quot;,&quot;page_number&quot;:&quot;1&quot;,&quot;width&quot;:&quot;100%&quot;,&quot;height&quot;:&quot;0px&quot;}\">\n\t\t\t\t<span class=\"ha-title-flex\">\n\t\t\t\t\t<span class=\"pdf-icon\">\n\t\t\t\t\t\t\t\t\t\t\t<\/span>\n\t\t\t\t\t<h2 class=\"ha-pdf-title\">Spis podr\u0119cznik\u00f3w obowi\u0105zuj\u0105cy w roku szkolnym 2025\/2026<\/h2>\t\t\t\t<\/span>\n\t\t\t\t                <div class=\"pdf-button\">\n                <a href=\"https:\/\/drive.google.com\/file\/d\/1SbSgZzV0ZDIw_cYGd4plbRTO3MtpQw0l\/view?usp=sharing\" class=\"ha-btn\" download title=\"Spis podr\u0119cznik\u00f3w obowi\u0105zuj\u0105cy w roku szkolnym 2025\/2026\">Download<\/a>                <\/div>\n            <\/div>\n\n\t\t\t<div>\n\t\t\t\t<div id=\"viewer-6851f87\"><\/div>\n\t\t\t<\/div>\n\n        <\/div>\n        \t\t\t\t<\/div>\n\t\t\t\t<\/div>\n\t\t\t\t\t<\/div>\n\t\t<\/div>\n\t\t\t\t\t<\/div>\n\t\t<\/section>\n\t\t\t\t<section class=\"elementor-section elementor-top-section elementor-element elementor-element-34a711a elementor-section-boxed elementor-section-height-default elementor-section-height-default\" data-id=\"34a711a\" data-element_type=\"section\" data-settings=\"{&quot;_ha_eqh_enable&quot;:false}\">\n\t\t\t\t\t\t<div class=\"elementor-container elementor-column-gap-default\">\n\t\t\t\t\t<div class=\"elementor-column elementor-col-100 elementor-top-column elementor-element elementor-element-035db45\" data-id=\"035db45\" data-element_type=\"column\">\n\t\t\t<div class=\"elementor-widget-wrap elementor-element-populated\">\n\t\t\t\t\t\t<div class=\"elementor-element elementor-element-0902ba7 elementor-widget elementor-widget-ha-pdf-view happy-addon ha-pdf-view\" data-id=\"0902ba7\" data-element_type=\"widget\" data-widget_type=\"ha-pdf-view.default\">\n\t\t\t\t<div class=\"elementor-widget-container\">\n\t\t\t\t\t        <div class=\"pdf_viewer_container\">\n            <div class=\"pdf_viewer_options viewer-0902ba7\" data-pdf-settings=\"{&quot;unique_id&quot;:&quot;viewer-0902ba7&quot;,&quot;pdf_url&quot;:&quot;https:\\\/\\\/drive.google.com\\\/file\\\/d\\\/1MkYmU0xkvWHIn754znGCkvoTtQLEjsJZ\\\/view?usp=sharing&quot;,&quot;file_type&quot;:&quot;url&quot;,&quot;page_number&quot;:&quot;1&quot;,&quot;width&quot;:&quot;100%&quot;,&quot;height&quot;:&quot;0px&quot;}\">\n\t\t\t\t<span class=\"ha-title-flex\">\n\t\t\t\t\t<span class=\"pdf-icon\">\n\t\t\t\t\t\t\t\t\t\t\t<\/span>\n\t\t\t\t\t<h2 class=\"ha-pdf-title\">Wyprawka ucznia na rok szkolny 2025\/26<\/h2>\t\t\t\t<\/span>\n\t\t\t\t                <div class=\"pdf-button\">\n                <a href=\"https:\/\/drive.google.com\/file\/d\/1MkYmU0xkvWHIn754znGCkvoTtQLEjsJZ\/view?usp=sharing\" class=\"ha-btn\" download title=\"Wyprawka ucznia na rok szkolny 2025\/26\">Download<\/a>                <\/div>\n            <\/div>\n\n\t\t\t<div>\n\t\t\t\t<div id=\"viewer-0902ba7\"><\/div>\n\t\t\t<\/div>\n\n        <\/div>\n        \t\t\t\t<\/div>\n\t\t\t\t<\/div>\n\t\t\t\t\t<\/div>\n\t\t<\/div>\n\t\t\t\t\t<\/div>\n\t\t<\/section>\n\t\t\t\t<section class=\"elementor-section elementor-top-section elementor-element elementor-element-72d0bf3 elementor-section-boxed elementor-section-height-default elementor-section-height-default\" data-id=\"72d0bf3\" data-element_type=\"section\" data-settings=\"{&quot;_ha_eqh_enable&quot;:false}\">\n\t\t\t\t\t\t<div class=\"elementor-container elementor-column-gap-default\">\n\t\t\t\t\t<div class=\"elementor-column elementor-col-100 elementor-top-column elementor-element elementor-element-aeac787\" data-id=\"aeac787\" data-element_type=\"column\">\n\t\t\t<div class=\"elementor-widget-wrap elementor-element-populated\">\n\t\t\t\t\t\t<div class=\"elementor-element elementor-element-a74b12f elementor-widget elementor-widget-ha-pdf-view happy-addon ha-pdf-view\" data-id=\"a74b12f\" data-element_type=\"widget\" data-widget_type=\"ha-pdf-view.default\">\n\t\t\t\t<div class=\"elementor-widget-container\">\n\t\t\t\t\t        <div class=\"pdf_viewer_container\">\n            <div class=\"pdf_viewer_options viewer-a74b12f\" data-pdf-settings=\"{&quot;unique_id&quot;:&quot;viewer-a74b12f&quot;,&quot;pdf_url&quot;:&quot;https:\\\/\\\/drive.google.com\\\/file\\\/d\\\/18b1ZwDwdJbevEr5C34x4u4aHDcDJxf8P\\\/view?usp=sharing&quot;,&quot;file_type&quot;:&quot;url&quot;,&quot;page_number&quot;:&quot;1&quot;,&quot;width&quot;:&quot;100%&quot;,&quot;height&quot;:&quot;0px&quot;}\">\n\t\t\t\t<span class=\"ha-title-flex\">\n\t\t\t\t\t<span class=\"pdf-icon\">\n\t\t\t\t\t\t\t\t\t\t\t<\/span>\n\t\t\t\t\t<h2 class=\"ha-pdf-title\">Wyprawka na plastyk\u0119 klasy 4-7<\/h2>\t\t\t\t<\/span>\n\t\t\t\t                <div class=\"pdf-button\">\n                <a href=\"https:\/\/drive.google.com\/file\/d\/18b1ZwDwdJbevEr5C34x4u4aHDcDJxf8P\/view?usp=sharing\" class=\"ha-btn\" download title=\"Wyprawka na plastyk\u0119 klasy 4-7\">Download<\/a>                <\/div>\n            <\/div>\n\n\t\t\t<div>\n\t\t\t\t<div id=\"viewer-a74b12f\"><\/div>\n\t\t\t<\/div>\n\n        <\/div>\n        \t\t\t\t<\/div>\n\t\t\t\t<\/div>\n\t\t\t\t\t<\/div>\n\t\t<\/div>\n\t\t\t\t\t<\/div>\n\t\t<\/section>\n\t\t\t\t<section class=\"elementor-section elementor-top-section elementor-element elementor-element-bb595b1 elementor-section-boxed elementor-section-height-default elementor-section-height-default\" data-id=\"bb595b1\" data-element_type=\"section\" data-settings=\"{&quot;_ha_eqh_enable&quot;:false}\">\n\t\t\t\t\t\t<div class=\"elementor-container elementor-column-gap-default\">\n\t\t\t\t\t<div class=\"elementor-column elementor-col-100 elementor-top-column elementor-element elementor-element-cb8f945\" data-id=\"cb8f945\" data-element_type=\"column\">\n\t\t\t<div class=\"elementor-widget-wrap elementor-element-populated\">\n\t\t\t\t\t\t<div class=\"elementor-element elementor-element-7ba4501 elementor-widget elementor-widget-ha-pdf-view happy-addon ha-pdf-view\" data-id=\"7ba4501\" data-element_type=\"widget\" data-widget_type=\"ha-pdf-view.default\">\n\t\t\t\t<div class=\"elementor-widget-container\">\n\t\t\t\t\t        <div class=\"pdf_viewer_container\">\n            <div class=\"pdf_viewer_options viewer-7ba4501\" data-pdf-settings=\"{&quot;unique_id&quot;:&quot;viewer-7ba4501&quot;,&quot;pdf_url&quot;:&quot;https:\\\/\\\/drive.google.com\\\/file\\\/d\\\/1smJYisE-U-yttL1CLsn8asOQLA8atdD0\\\/view?usp=sharing&quot;,&quot;file_type&quot;:&quot;url&quot;,&quot;page_number&quot;:&quot;1&quot;,&quot;width&quot;:&quot;100%&quot;,&quot;height&quot;:&quot;0px&quot;}\">\n\t\t\t\t<span class=\"ha-title-flex\">\n\t\t\t\t\t<span class=\"pdf-icon\">\n\t\t\t\t\t\t\t\t\t\t\t<\/span>\n\t\t\t\t\t<h2 class=\"ha-pdf-title\">Wyprawka technika klasy 4-6<\/h2>\t\t\t\t<\/span>\n\t\t\t\t                <div class=\"pdf-button\">\n                <a href=\"https:\/\/drive.google.com\/file\/d\/1smJYisE-U-yttL1CLsn8asOQLA8atdD0\/view?usp=sharing\" class=\"ha-btn\" download title=\"Wyprawka technika klasy 4-6\">Download<\/a>                <\/div>\n            <\/div>\n\n\t\t\t<div>\n\t\t\t\t<div id=\"viewer-7ba4501\"><\/div>\n\t\t\t<\/div>\n\n        <\/div>\n        \t\t\t\t<\/div>\n\t\t\t\t<\/div>\n\t\t\t\t\t<\/div>\n\t\t<\/div>\n\t\t\t\t\t<\/div>\n\t\t<\/section>\n\t\t\t\t<section class=\"elementor-section elementor-top-section elementor-element elementor-element-f23dde5 elementor-hidden-desktop elementor-hidden-tablet elementor-hidden-mobile elementor-section-boxed elementor-section-height-default elementor-section-height-default\" data-id=\"f23dde5\" data-element_type=\"section\" data-settings=\"{&quot;_ha_eqh_enable&quot;:false}\">\n\t\t\t\t\t\t<div class=\"elementor-container elementor-column-gap-default\">\n\t\t\t\t\t<div class=\"elementor-column elementor-col-100 elementor-top-column elementor-element elementor-element-5c287c0\" data-id=\"5c287c0\" data-element_type=\"column\">\n\t\t\t<div class=\"elementor-widget-wrap elementor-element-populated\">\n\t\t\t\t\t\t<div class=\"elementor-element elementor-element-46306dd elementor-widget elementor-widget-ha-pdf-view happy-addon ha-pdf-view\" data-id=\"46306dd\" data-element_type=\"widget\" data-widget_type=\"ha-pdf-view.default\">\n\t\t\t\t<div class=\"elementor-widget-container\">\n\t\t\t\t\t        <div class=\"pdf_viewer_container\">\n            <div class=\"pdf_viewer_options viewer-46306dd\" data-pdf-settings=\"{&quot;unique_id&quot;:&quot;viewer-46306dd&quot;,&quot;pdf_url&quot;:&quot;https:\\\/\\\/eduspektrum.pl\\\/wp-content\\\/uploads\\\/2024\\\/09\\\/ETYKA-W-SZKOLE_zero\\u0301wka.docx&quot;,&quot;file_type&quot;:&quot;upload_file&quot;,&quot;page_number&quot;:&quot;1&quot;,&quot;width&quot;:&quot;100%&quot;,&quot;height&quot;:&quot;0px&quot;}\">\n\t\t\t\t<span class=\"ha-title-flex\">\n\t\t\t\t\t<span class=\"pdf-icon\">\n\t\t\t\t\t\t\t\t\t\t\t<\/span>\n\t\t\t\t\t<h2 class=\"ha-pdf-title\">Etyka w szkole - zer\u00f3wka<\/h2>\t\t\t\t<\/span>\n\t\t\t\t                <div class=\"pdf-button\">\n                <a href=\"https:\/\/eduspektrum.pl\/wp-content\/uploads\/2024\/09\/ETYKA-W-SZKOLE_zero\u0301wka.docx\" class=\"ha-btn\" download title=\"Etyka w szkole - zer\u00f3wka\">Download<\/a>                <\/div>\n            <\/div>\n\n\t\t\t<div>\n\t\t\t\t<div id=\"viewer-46306dd\"><\/div>\n\t\t\t<\/div>\n\n        <\/div>\n        \t\t\t\t<\/div>\n\t\t\t\t<\/div>\n\t\t\t\t\t<\/div>\n\t\t<\/div>\n\t\t\t\t\t<\/div>\n\t\t<\/section>\n\t\t\t\t<section class=\"elementor-section elementor-top-section elementor-element elementor-element-1863504 elementor-section-boxed elementor-section-height-default elementor-section-height-default\" data-id=\"1863504\" data-element_type=\"section\" data-settings=\"{&quot;_ha_eqh_enable&quot;:false}\">\n\t\t\t\t\t\t<div class=\"elementor-container elementor-column-gap-default\">\n\t\t\t\t\t<div class=\"elementor-column elementor-col-100 elementor-top-column elementor-element elementor-element-79101da\" data-id=\"79101da\" data-element_type=\"column\">\n\t\t\t<div class=\"elementor-widget-wrap\">\n\t\t\t\t\t\t\t<\/div>\n\t\t<\/div>\n\t\t\t\t\t<\/div>\n\t\t<\/section>\n\t\t\t\t<\/div>\n\t\t","protected":false},"excerpt":{"rendered":"<p>Spis podr\u0119cznik\u00f3w obowi\u0105zuj\u0105cy w roku szkolnym 2025\/2026 Download Wyprawka ucznia na rok szkolny 2025\/26 Download Wyprawka na plastyk\u0119 klasy 4-7 Download Wyprawka technika klasy 4-6 Download Etyka w szkole &#8211; zer\u00f3wka Download<\/p>\n","protected":false},"author":1,"featured_media":0,"parent":0,"menu_order":0,"comment_status":"closed","ping_status":"closed","template":"elementor_header_footer","meta":{"footnotes":""},"class_list":["post-3169","page","type-page","status-publish","hentry"],"_links":{"self":[{"href":"https:\/\/eduspektrum.pl\/index.php\/wp-json\/wp\/v2\/pages\/3169","targetHints":{"allow":["GET"]}}],"collection":[{"href":"https:\/\/eduspektrum.pl\/index.php\/wp-json\/wp\/v2\/pages"}],"about":[{"href":"https:\/\/eduspektrum.pl\/index.php\/wp-json\/wp\/v2\/types\/page"}],"author":[{"embeddable":true,"href":"https:\/\/eduspektrum.pl\/index.php\/wp-json\/wp\/v2\/users\/1"}],"replies":[{"embeddable":true,"href":"https:\/\/eduspektrum.pl\/index.php\/wp-json\/wp\/v2\/comments?post=3169"}],"version-history":[{"count":20,"href":"https:\/\/eduspektrum.pl\/index.php\/wp-json\/wp\/v2\/pages\/3169\/revisions"}],"predecessor-version":[{"id":3279,"href":"https:\/\/eduspektrum.pl\/index.php\/wp-json\/wp\/v2\/pages\/3169\/revisions\/3279"}],"wp:attachment":[{"href":"https:\/\/eduspektrum.pl\/index.php\/wp-json\/wp\/v2\/media?parent=3169"}],"curies":[{"name":"wp","href":"https:\/\/api.w.org\/{rel}","templated":true}]}}