{"id":3494,"date":"2025-10-28T10:09:14","date_gmt":"2025-10-28T10:09:14","guid":{"rendered":"https:\/\/eduspektrum.pl\/?page_id=3494"},"modified":"2025-11-03T13:50:01","modified_gmt":"2025-11-03T13:50:01","slug":"dokumenty","status":"publish","type":"page","link":"https:\/\/eduspektrum.pl\/index.php\/dokumenty\/","title":{"rendered":"DOKUMENTY"},"content":{"rendered":"\t\t<div data-elementor-type=\"wp-page\" data-elementor-id=\"3494\" class=\"elementor elementor-3494\" data-elementor-settings=\"{&quot;ha_cmc_init_switcher&quot;:&quot;no&quot;}\">\n\t\t\t\t\t\t<section class=\"elementor-section elementor-top-section elementor-element elementor-element-7e637be elementor-section-boxed elementor-section-height-default elementor-section-height-default\" data-id=\"7e637be\" data-element_type=\"section\" data-settings=\"{&quot;_ha_eqh_enable&quot;:false}\">\n\t\t\t\t\t\t<div class=\"elementor-container elementor-column-gap-default\">\n\t\t\t\t\t<div class=\"elementor-column elementor-col-100 elementor-top-column elementor-element elementor-element-7b769de\" data-id=\"7b769de\" data-element_type=\"column\">\n\t\t\t<div class=\"elementor-widget-wrap elementor-element-populated\">\n\t\t\t\t\t\t<div class=\"elementor-element elementor-element-67bda6c elementor-widget elementor-widget-ha-pdf-view happy-addon ha-pdf-view\" data-id=\"67bda6c\" data-element_type=\"widget\" data-widget_type=\"ha-pdf-view.default\">\n\t\t\t\t<div class=\"elementor-widget-container\">\n\t\t\t\t\t        <div class=\"pdf_viewer_container\">\n            <div class=\"pdf_viewer_options viewer-67bda6c\" data-pdf-settings=\"{&quot;unique_id&quot;:&quot;viewer-67bda6c&quot;,&quot;pdf_url&quot;:&quot;https:\\\/\\\/drive.google.com\\\/file\\\/d\\\/1uY94OcasNi8Ld0iIse4d2tjynJLkH21r\\\/view?usp=sharing&quot;,&quot;file_type&quot;:&quot;url&quot;,&quot;page_number&quot;:&quot;1&quot;,&quot;width&quot;:&quot;100%&quot;,&quot;height&quot;:&quot;0px&quot;}\">\n\t\t\t\t<span class=\"ha-title-flex\">\n\t\t\t\t\t<span class=\"pdf-icon\">\n\t\t\t\t\t\t\t\t\t\t\t<\/span>\n\t\t\t\t\t<h2 class=\"ha-pdf-title\">Regulamin \u015bwietlicy<\/h2>\t\t\t\t<\/span>\n\t\t\t\t                <div class=\"pdf-button\">\n                <a href=\"https:\/\/drive.google.com\/file\/d\/1uY94OcasNi8Ld0iIse4d2tjynJLkH21r\/view?usp=sharing\" class=\"ha-btn\" download title=\"Regulamin \u015bwietlicy\">Download<\/a>                <\/div>\n            <\/div>\n\n\t\t\t<div>\n\t\t\t\t<div id=\"viewer-67bda6c\"><\/div>\n\t\t\t<\/div>\n\n        <\/div>\n        \t\t\t\t<\/div>\n\t\t\t\t<\/div>\n\t\t\t\t\t<\/div>\n\t\t<\/div>\n\t\t\t\t\t<\/div>\n\t\t<\/section>\n\t\t\t\t<section class=\"elementor-section elementor-top-section elementor-element elementor-element-9c133e3 elementor-section-boxed elementor-section-height-default elementor-section-height-default\" data-id=\"9c133e3\" data-element_type=\"section\" data-settings=\"{&quot;_ha_eqh_enable&quot;:false}\">\n\t\t\t\t\t\t<div class=\"elementor-container elementor-column-gap-default\">\n\t\t\t\t\t<div class=\"elementor-column elementor-col-100 elementor-top-column elementor-element elementor-element-01cdf6b\" data-id=\"01cdf6b\" data-element_type=\"column\">\n\t\t\t<div class=\"elementor-widget-wrap elementor-element-populated\">\n\t\t\t\t\t\t<div class=\"elementor-element elementor-element-b176d65 elementor-widget elementor-widget-ha-pdf-view happy-addon ha-pdf-view\" data-id=\"b176d65\" data-element_type=\"widget\" data-widget_type=\"ha-pdf-view.default\">\n\t\t\t\t<div class=\"elementor-widget-container\">\n\t\t\t\t\t        <div class=\"pdf_viewer_container\">\n            <div class=\"pdf_viewer_options viewer-b176d65\" data-pdf-settings=\"{&quot;unique_id&quot;:&quot;viewer-b176d65&quot;,&quot;pdf_url&quot;:&quot;https:\\\/\\\/drive.google.com\\\/file\\\/d\\\/1yDdGxBZd5Y-qNFCir0XGeAic5pg0RfPm\\\/view?usp=sharing&quot;,&quot;file_type&quot;:&quot;url&quot;,&quot;page_number&quot;:&quot;1&quot;,&quot;width&quot;:&quot;100%&quot;,&quot;height&quot;:&quot;0px&quot;}\">\n\t\t\t\t<span class=\"ha-title-flex\">\n\t\t\t\t\t<span class=\"pdf-icon\">\n\t\t\t\t\t\t\t\t\t\t\t<\/span>\n\t\t\t\t\t<h2 class=\"ha-pdf-title\">Deklaracja \u015bwietlicowa<\/h2>\t\t\t\t<\/span>\n\t\t\t\t                <div class=\"pdf-button\">\n                <a href=\"https:\/\/drive.google.com\/file\/d\/1yDdGxBZd5Y-qNFCir0XGeAic5pg0RfPm\/view?usp=sharing\" class=\"ha-btn\" download title=\"Deklaracja \u015bwietlicowa\">Download<\/a>                <\/div>\n            <\/div>\n\n\t\t\t<div>\n\t\t\t\t<div id=\"viewer-b176d65\"><\/div>\n\t\t\t<\/div>\n\n        <\/div>\n        \t\t\t\t<\/div>\n\t\t\t\t<\/div>\n\t\t\t\t\t<\/div>\n\t\t<\/div>\n\t\t\t\t\t<\/div>\n\t\t<\/section>\n\t\t\t\t<section class=\"elementor-section elementor-top-section elementor-element elementor-element-207a433 elementor-section-boxed elementor-section-height-default elementor-section-height-default\" data-id=\"207a433\" data-element_type=\"section\" data-settings=\"{&quot;_ha_eqh_enable&quot;:false}\">\n\t\t\t\t\t\t<div class=\"elementor-container elementor-column-gap-default\">\n\t\t\t\t\t<div class=\"elementor-column elementor-col-100 elementor-top-column elementor-element elementor-element-c7559da\" data-id=\"c7559da\" data-element_type=\"column\">\n\t\t\t<div class=\"elementor-widget-wrap elementor-element-populated\">\n\t\t\t\t\t\t<div class=\"elementor-element elementor-element-364e97a elementor-widget elementor-widget-ha-pdf-view happy-addon ha-pdf-view\" data-id=\"364e97a\" data-element_type=\"widget\" data-widget_type=\"ha-pdf-view.default\">\n\t\t\t\t<div class=\"elementor-widget-container\">\n\t\t\t\t\t        <div class=\"pdf_viewer_container\">\n            <div class=\"pdf_viewer_options viewer-364e97a\" data-pdf-settings=\"{&quot;unique_id&quot;:&quot;viewer-364e97a&quot;,&quot;pdf_url&quot;:&quot;https:\\\/\\\/drive.google.com\\\/file\\\/d\\\/1AivEd0vaEXTQ_46AXl3Y5rFICN1Q3Smw\\\/view?usp=sharing&quot;,&quot;file_type&quot;:&quot;url&quot;,&quot;page_number&quot;:&quot;1&quot;,&quot;width&quot;:&quot;100%&quot;,&quot;height&quot;:&quot;0px&quot;}\">\n\t\t\t\t<span class=\"ha-title-flex\">\n\t\t\t\t\t<span class=\"pdf-icon\">\n\t\t\t\t\t\t\t\t\t\t\t<\/span>\n\t\t\t\t\t<h2 class=\"ha-pdf-title\">Roczny plan \u015bwietlicy<\/h2>\t\t\t\t<\/span>\n\t\t\t\t                <div class=\"pdf-button\">\n                <a href=\"https:\/\/drive.google.com\/file\/d\/1AivEd0vaEXTQ_46AXl3Y5rFICN1Q3Smw\/view?usp=sharing\" class=\"ha-btn\" download title=\"Roczny plan \u015bwietlicy\">Download<\/a>                <\/div>\n            <\/div>\n\n\t\t\t<div>\n\t\t\t\t<div id=\"viewer-364e97a\"><\/div>\n\t\t\t<\/div>\n\n        <\/div>\n        \t\t\t\t<\/div>\n\t\t\t\t<\/div>\n\t\t\t\t\t<\/div>\n\t\t<\/div>\n\t\t\t\t\t<\/div>\n\t\t<\/section>\n\t\t\t\t<section class=\"elementor-section elementor-top-section elementor-element elementor-element-fe1bc87 elementor-section-boxed elementor-section-height-default elementor-section-height-default\" data-id=\"fe1bc87\" data-element_type=\"section\" data-settings=\"{&quot;_ha_eqh_enable&quot;:false}\">\n\t\t\t\t\t\t<div class=\"elementor-container elementor-column-gap-default\">\n\t\t\t\t\t<div class=\"elementor-column elementor-col-100 elementor-top-column elementor-element elementor-element-a5426b6\" data-id=\"a5426b6\" data-element_type=\"column\">\n\t\t\t<div class=\"elementor-widget-wrap elementor-element-populated\">\n\t\t\t\t\t\t<div class=\"elementor-element elementor-element-302b42d elementor-widget elementor-widget-ha-pdf-view happy-addon ha-pdf-view\" data-id=\"302b42d\" data-element_type=\"widget\" data-widget_type=\"ha-pdf-view.default\">\n\t\t\t\t<div class=\"elementor-widget-container\">\n\t\t\t\t\t        <div class=\"pdf_viewer_container\">\n            <div class=\"pdf_viewer_options viewer-302b42d\" data-pdf-settings=\"{&quot;unique_id&quot;:&quot;viewer-302b42d&quot;,&quot;pdf_url&quot;:&quot;https:\\\/\\\/drive.google.com\\\/file\\\/d\\\/1rOpUOG5Pvzo-0OYtU6bq-nXZs6LpITKq\\\/view?usp=sharing&quot;,&quot;file_type&quot;:&quot;url&quot;,&quot;page_number&quot;:&quot;1&quot;,&quot;width&quot;:&quot;100%&quot;,&quot;height&quot;:&quot;0px&quot;}\">\n\t\t\t\t<span class=\"ha-title-flex\">\n\t\t\t\t\t<span class=\"pdf-icon\">\n\t\t\t\t\t\t\t\t\t\t\t<\/span>\n\t\t\t\t\t<h2 class=\"ha-pdf-title\">Kodeks \u015bwietliczaka<\/h2>\t\t\t\t<\/span>\n\t\t\t\t                <div class=\"pdf-button\">\n                <a href=\"https:\/\/drive.google.com\/file\/d\/1rOpUOG5Pvzo-0OYtU6bq-nXZs6LpITKq\/view?usp=sharing\" class=\"ha-btn\" download title=\"Kodeks \u015bwietliczaka\">Download<\/a>                <\/div>\n            <\/div>\n\n\t\t\t<div>\n\t\t\t\t<div id=\"viewer-302b42d\"><\/div>\n\t\t\t<\/div>\n\n        <\/div>\n        \t\t\t\t<\/div>\n\t\t\t\t<\/div>\n\t\t\t\t\t<\/div>\n\t\t<\/div>\n\t\t\t\t\t<\/div>\n\t\t<\/section>\n\t\t\t\t<section class=\"elementor-section elementor-top-section elementor-element elementor-element-0389f87 elementor-section-boxed elementor-section-height-default elementor-section-height-default\" data-id=\"0389f87\" data-element_type=\"section\" data-settings=\"{&quot;_ha_eqh_enable&quot;:false}\">\n\t\t\t\t\t\t<div class=\"elementor-container elementor-column-gap-default\">\n\t\t\t\t\t<div class=\"elementor-column elementor-col-100 elementor-top-column elementor-element elementor-element-285eea3\" data-id=\"285eea3\" data-element_type=\"column\">\n\t\t\t<div class=\"elementor-widget-wrap elementor-element-populated\">\n\t\t\t\t\t\t<div class=\"elementor-element elementor-element-2434401 elementor-widget elementor-widget-ha-pdf-view happy-addon ha-pdf-view\" data-id=\"2434401\" data-element_type=\"widget\" data-widget_type=\"ha-pdf-view.default\">\n\t\t\t\t<div class=\"elementor-widget-container\">\n\t\t\t\t\t        <div class=\"pdf_viewer_container\">\n            <div class=\"pdf_viewer_options viewer-2434401\" data-pdf-settings=\"{&quot;unique_id&quot;:&quot;viewer-2434401&quot;,&quot;pdf_url&quot;:&quot;https:\\\/\\\/drive.google.com\\\/file\\\/d\\\/1yDdGxBZd5Y-qNFCir0XGeAic5pg0RfPm\\\/view?usp=sharing&quot;,&quot;file_type&quot;:&quot;url&quot;,&quot;page_number&quot;:&quot;1&quot;,&quot;width&quot;:&quot;100%&quot;,&quot;height&quot;:&quot;0px&quot;}\">\n\t\t\t\t<span class=\"ha-title-flex\">\n\t\t\t\t\t<span class=\"pdf-icon\">\n\t\t\t\t\t\t\t\t\t\t\t<\/span>\n\t\t\t\t\t<h2 class=\"ha-pdf-title\">Ramowy plan dnia w \u015bwietlicy<\/h2>\t\t\t\t<\/span>\n\t\t\t\t                <div class=\"pdf-button\">\n                <a href=\"https:\/\/drive.google.com\/file\/d\/1yDdGxBZd5Y-qNFCir0XGeAic5pg0RfPm\/view?usp=sharing\" class=\"ha-btn\" download title=\"Ramowy plan dnia w \u015bwietlicy\">Download<\/a>                <\/div>\n            <\/div>\n\n\t\t\t<div>\n\t\t\t\t<div id=\"viewer-2434401\"><\/div>\n\t\t\t<\/div>\n\n        <\/div>\n        \t\t\t\t<\/div>\n\t\t\t\t<\/div>\n\t\t\t\t\t<\/div>\n\t\t<\/div>\n\t\t\t\t\t<\/div>\n\t\t<\/section>\n\t\t\t\t<\/div>\n\t\t","protected":false},"excerpt":{"rendered":"<p>Regulamin \u015bwietlicy Download Deklaracja \u015bwietlicowa Download Roczny plan \u015bwietlicy Download Kodeks \u015bwietliczaka Download Ramowy plan dnia w \u015bwietlicy Download<\/p>\n","protected":false},"author":1,"featured_media":0,"parent":0,"menu_order":0,"comment_status":"closed","ping_status":"closed","template":"elementor_header_footer","meta":{"footnotes":""},"class_list":["post-3494","page","type-page","status-publish","hentry"],"_links":{"self":[{"href":"https:\/\/eduspektrum.pl\/index.php\/wp-json\/wp\/v2\/pages\/3494","targetHints":{"allow":["GET"]}}],"collection":[{"href":"https:\/\/eduspektrum.pl\/index.php\/wp-json\/wp\/v2\/pages"}],"about":[{"href":"https:\/\/eduspektrum.pl\/index.php\/wp-json\/wp\/v2\/types\/page"}],"author":[{"embeddable":true,"href":"https:\/\/eduspektrum.pl\/index.php\/wp-json\/wp\/v2\/users\/1"}],"replies":[{"embeddable":true,"href":"https:\/\/eduspektrum.pl\/index.php\/wp-json\/wp\/v2\/comments?post=3494"}],"version-history":[{"count":13,"href":"https:\/\/eduspektrum.pl\/index.php\/wp-json\/wp\/v2\/pages\/3494\/revisions"}],"predecessor-version":[{"id":3556,"href":"https:\/\/eduspektrum.pl\/index.php\/wp-json\/wp\/v2\/pages\/3494\/revisions\/3556"}],"wp:attachment":[{"href":"https:\/\/eduspektrum.pl\/index.php\/wp-json\/wp\/v2\/media?parent=3494"}],"curies":[{"name":"wp","href":"https:\/\/api.w.org\/{rel}","templated":true}]}}