{"id":3537,"date":"2025-10-29T10:50:38","date_gmt":"2025-10-29T10:50:38","guid":{"rendered":"https:\/\/eduspektrum.pl\/?page_id=3537"},"modified":"2026-02-26T13:39:56","modified_gmt":"2026-02-26T13:39:56","slug":"samorzad-szkoly","status":"publish","type":"page","link":"https:\/\/eduspektrum.pl\/index.php\/samorzad-szkoly\/","title":{"rendered":"SAMORZ\u0104D UCZNIOWSKI I WOLONTARIAT"},"content":{"rendered":"\t\t<div data-elementor-type=\"wp-page\" data-elementor-id=\"3537\" class=\"elementor elementor-3537\" data-elementor-settings=\"{&quot;ha_cmc_init_switcher&quot;:&quot;no&quot;}\">\n\t\t\t\t\t\t<section class=\"elementor-section elementor-top-section elementor-element elementor-element-6a951f0 elementor-section-boxed elementor-section-height-default elementor-section-height-default\" data-id=\"6a951f0\" data-element_type=\"section\" data-settings=\"{&quot;background_background&quot;:&quot;classic&quot;,&quot;_ha_eqh_enable&quot;:false}\">\n\t\t\t\t\t\t<div class=\"elementor-container elementor-column-gap-default\">\n\t\t\t\t\t<div class=\"elementor-column elementor-col-50 elementor-top-column elementor-element elementor-element-f0c7db4\" data-id=\"f0c7db4\" data-element_type=\"column\" data-settings=\"{&quot;background_background&quot;:&quot;classic&quot;}\">\n\t\t\t<div class=\"elementor-widget-wrap elementor-element-populated\">\n\t\t\t\t\t\t<div class=\"elementor-element elementor-element-4b98d5a elementor-widget elementor-widget-heading\" data-id=\"4b98d5a\" data-element_type=\"widget\" data-widget_type=\"heading.default\">\n\t\t\t\t<div class=\"elementor-widget-container\">\n\t\t\t\t\t<h1 class=\"elementor-heading-title elementor-size-default\">SAMORZ\u0104D UCZNIOWSKI<\/h1>\t\t\t\t<\/div>\n\t\t\t\t<\/div>\n\t\t\t\t<div class=\"elementor-element elementor-element-604b67b elementor-widget elementor-widget-text-editor\" data-id=\"604b67b\" data-element_type=\"widget\" data-widget_type=\"text-editor.default\">\n\t\t\t\t<div class=\"elementor-widget-container\">\n\t\t\t\t\t\t\t\t\t<p><strong data-start=\"292\" data-end=\"351\">\u2013 g\u0142os naszej spo\u0142eczno\u015bci szkolnej<\/strong><br data-start=\"351\" data-end=\"354\">\n<em data-start=\"357\" data-end=\"433\">Razem tworzymy szko\u0142\u0119, w kt\u00f3rej liczy si\u0119 ka\u017cdy pomys\u0142 i ka\u017cda inicjatywa.<\/em><\/p>\t\t\t\t\t\t\t\t<\/div>\n\t\t\t\t<\/div>\n\t\t\t\t\t<\/div>\n\t\t<\/div>\n\t\t\t\t<div class=\"elementor-column elementor-col-50 elementor-top-column elementor-element elementor-element-27d69a1\" data-id=\"27d69a1\" data-element_type=\"column\">\n\t\t\t<div class=\"elementor-widget-wrap elementor-element-populated\">\n\t\t\t\t\t\t<div class=\"elementor-element elementor-element-7d195e7 elementor-widget elementor-widget-image\" data-id=\"7d195e7\" data-element_type=\"widget\" data-widget_type=\"image.default\">\n\t\t\t\t<div class=\"elementor-widget-container\">\n\t\t\t\t\t\t\t\t\t\t\t\t\t\t\t<img fetchpriority=\"high\" decoding=\"async\" width=\"768\" height=\"432\" src=\"https:\/\/eduspektrum.pl\/wp-content\/uploads\/2025\/10\/Projekt-bez-nazwy-27-768x432.png\" class=\"attachment-medium_large size-medium_large wp-image-3545\" alt=\"\" srcset=\"https:\/\/eduspektrum.pl\/wp-content\/uploads\/2025\/10\/Projekt-bez-nazwy-27-768x432.png 768w, https:\/\/eduspektrum.pl\/wp-content\/uploads\/2025\/10\/Projekt-bez-nazwy-27-300x169.png 300w, https:\/\/eduspektrum.pl\/wp-content\/uploads\/2025\/10\/Projekt-bez-nazwy-27-1024x576.png 1024w, https:\/\/eduspektrum.pl\/wp-content\/uploads\/2025\/10\/Projekt-bez-nazwy-27-600x338.png 600w, https:\/\/eduspektrum.pl\/wp-content\/uploads\/2025\/10\/Projekt-bez-nazwy-27.png 1440w\" sizes=\"(max-width: 768px) 100vw, 768px\" \/>\t\t\t\t\t\t\t\t\t\t\t\t\t\t\t<\/div>\n\t\t\t\t<\/div>\n\t\t\t\t\t<\/div>\n\t\t<\/div>\n\t\t\t\t\t<\/div>\n\t\t<\/section>\n\t\t\t\t<section class=\"elementor-section elementor-top-section elementor-element elementor-element-2cfd0f7 elementor-section-boxed elementor-section-height-default elementor-section-height-default\" data-id=\"2cfd0f7\" data-element_type=\"section\" data-settings=\"{&quot;_ha_eqh_enable&quot;:false}\">\n\t\t\t\t\t\t<div class=\"elementor-container elementor-column-gap-default\">\n\t\t\t\t\t<div class=\"elementor-column elementor-col-100 elementor-top-column elementor-element elementor-element-1d1886d\" data-id=\"1d1886d\" data-element_type=\"column\">\n\t\t\t<div class=\"elementor-widget-wrap\">\n\t\t\t\t\t\t\t<\/div>\n\t\t<\/div>\n\t\t\t\t\t<\/div>\n\t\t<\/section>\n\t\t\t\t<section class=\"elementor-section elementor-top-section elementor-element elementor-element-1943a1b elementor-section-boxed elementor-section-height-default elementor-section-height-default\" data-id=\"1943a1b\" data-element_type=\"section\" data-settings=\"{&quot;_ha_eqh_enable&quot;:false}\">\n\t\t\t\t\t\t<div class=\"elementor-container elementor-column-gap-default\">\n\t\t\t\t\t<div class=\"elementor-column elementor-col-100 elementor-top-column elementor-element elementor-element-6df7e1f\" data-id=\"6df7e1f\" data-element_type=\"column\">\n\t\t\t<div class=\"elementor-widget-wrap elementor-element-populated\">\n\t\t\t\t\t\t<div class=\"elementor-element elementor-element-27e8035 elementor-widget elementor-widget-heading\" data-id=\"27e8035\" data-element_type=\"widget\" data-widget_type=\"heading.default\">\n\t\t\t\t<div class=\"elementor-widget-container\">\n\t\t\t\t\t<h1 class=\"elementor-heading-title elementor-size-default\">AKTUALNO\u015aCI<\/h1>\t\t\t\t<\/div>\n\t\t\t\t<\/div>\n\t\t\t\t\t<\/div>\n\t\t<\/div>\n\t\t\t\t\t<\/div>\n\t\t<\/section>\n\t\t\t\t<section class=\"elementor-section elementor-top-section elementor-element elementor-element-4868c73 elementor-section-boxed elementor-section-height-default elementor-section-height-default\" data-id=\"4868c73\" data-element_type=\"section\" data-settings=\"{&quot;_ha_eqh_enable&quot;:false}\">\n\t\t\t\t\t\t<div class=\"elementor-container elementor-column-gap-default\">\n\t\t\t\t\t<div class=\"elementor-column elementor-col-100 elementor-top-column elementor-element elementor-element-52bc542\" data-id=\"52bc542\" data-element_type=\"column\">\n\t\t\t<div class=\"elementor-widget-wrap elementor-element-populated\">\n\t\t\t\t\t\t<div class=\"elementor-element elementor-element-cad583a elementor-position-left elementor-vertical-align-top elementor-widget elementor-widget-image-box\" data-id=\"cad583a\" data-element_type=\"widget\" data-widget_type=\"image-box.default\">\n\t\t\t\t<div class=\"elementor-widget-container\">\n\t\t\t\t\t<div class=\"elementor-image-box-wrapper\"><figure class=\"elementor-image-box-img\"><img decoding=\"async\" src=\"https:\/\/eduspektrum.pl\/wp-content\/uploads\/elementor\/thumbs\/zdj-rizu78igyxwix87o8c4g13msxitsb0v3cacsxlw368.jpg\" title=\"zdj\" alt=\"zdj\" loading=\"lazy\" \/><\/figure><div class=\"elementor-image-box-content\"><h3 class=\"elementor-image-box-title\">PIERWSZY SEMESTR - PODSUMOWANIE<\/h3><p class=\"elementor-image-box-description\">Pierwszy semestr by\u0142 dla Samorz\u0105du Uczniowskiego czasem aktywnej pracy i\nzaanga\u017cowania w \u017cycie szko\u0142y. Uczniowie z SU zorganizowali uroczyste obchody Dnia\nNauczyciela, przygotowuj\u0105c mi\u0142\u0105 niespodziank\u0119 i wyra\u017caj\u0105c wdzi\u0119czno\u015b\u0107 wszystkim\npedagogom za ich codzienn\u0105 prac\u0119.\nKolejnym wa\u017cnym wydarzeniem by\u0142 kiermasz szkolny, z kt\u00f3rego doch\u00f3d zosta\u0142\nprzeznaczony na cele statutowe Samorz\u0105du Uczniowskiego oraz jako cegie\u0142ka na\nsztandar szko\u0142y. Dzi\u0119ki wsp\u00f3lnemu zaanga\u017cowaniu uczni\u00f3w i spo\u0142eczno\u015bci szkolnej uda\u0142o\nsi\u0119 wesprze\u0107 wa\u017cne inicjatywy.\nSU aktywnie w\u0142\u0105czy\u0142 si\u0119 r\u00f3wnie\u017c w akcj\u0119 \u201eTalenciaki\u201d, pomagaj\u0105c w jej organizacji i\nzbi\u00f3rce. Dzi\u0119ki temu szko\u0142a wzbogaci\u0142a si\u0119 o instrumenty muzyczne oraz gry, kt\u00f3re b\u0119d\u0105\ns\u0142u\u017cy\u0107 uczniom podczas zaj\u0119\u0107 i przerw.<\/p><\/div><\/div>\t\t\t\t<\/div>\n\t\t\t\t<\/div>\n\t\t\t\t<div class=\"elementor-element elementor-element-931bf71 elementor-position-left elementor-vertical-align-top elementor-widget elementor-widget-image-box\" data-id=\"931bf71\" data-element_type=\"widget\" data-widget_type=\"image-box.default\">\n\t\t\t\t<div class=\"elementor-widget-container\">\n\t\t\t\t\t<div class=\"elementor-image-box-wrapper\"><figure class=\"elementor-image-box-img\"><img decoding=\"async\" src=\"https:\/\/eduspektrum.pl\/wp-content\/uploads\/elementor\/thumbs\/IMG_1440-scaled-rf19v2caphojkchb8099up2181wsaxwryjnzg5kis0.jpeg\" title=\"IMG_1440\" alt=\"IMG_1440\" loading=\"lazy\" \/><\/figure><div class=\"elementor-image-box-content\"><h3 class=\"elementor-image-box-title\">NOWY SAMORZ\u0104D<\/h3><p class=\"elementor-image-box-description\">Wybrali\u015bmy nowy Samorz\u0105d Uczniowski. Jego przewodnicz\u0105cym zosta\u0142 Bartosz Szaturski, a\nwiceprzewodnicz\u0105c\u0105 - Maja Zalewska. Nowy Samorz\u0105d nie pr\u00f3\u017cnuje. Zainicjowa\u0142 akcj\u0119\nzbierania Talenciak\u00f3w oraz porz\u0105dkowania przestrzeni wok\u00f3\u0142 szko\u0142y, zorganizowa\u0142 r\u00f3wnie\u017c\nkiermasz jesienny, kt\u00f3ry cieszy\u0142 si\u0119 ogromnym powodzeniem. A to dopiero pocz\u0105tek\nuczniowskich dzia\u0142a\u0144. Od tego roku szkolnego powo\u0142any zosta\u0142 r\u00f3wnie\u017c Ma\u0142y Samorz\u0105d - to\npi\u0119kna inicjatywna!<\/p><\/div><\/div>\t\t\t\t<\/div>\n\t\t\t\t<\/div>\n\t\t\t\t\t<\/div>\n\t\t<\/div>\n\t\t\t\t\t<\/div>\n\t\t<\/section>\n\t\t\t\t<section class=\"elementor-section elementor-top-section elementor-element elementor-element-acb3378 elementor-section-boxed elementor-section-height-default elementor-section-height-default\" data-id=\"acb3378\" data-element_type=\"section\" data-settings=\"{&quot;_ha_eqh_enable&quot;:false}\">\n\t\t\t\t\t\t<div class=\"elementor-container elementor-column-gap-default\">\n\t\t\t\t\t<div class=\"elementor-column elementor-col-100 elementor-top-column elementor-element elementor-element-f21a3a5\" data-id=\"f21a3a5\" data-element_type=\"column\">\n\t\t\t<div class=\"elementor-widget-wrap elementor-element-populated\">\n\t\t\t\t\t\t<div class=\"elementor-element elementor-element-1320c09 elementor-position-left elementor-vertical-align-top elementor-widget elementor-widget-image-box\" data-id=\"1320c09\" data-element_type=\"widget\" data-widget_type=\"image-box.default\">\n\t\t\t\t<div class=\"elementor-widget-container\">\n\t\t\t\t\t<div class=\"elementor-image-box-wrapper\"><figure class=\"elementor-image-box-img\"><img decoding=\"async\" src=\"https:\/\/eduspektrum.pl\/wp-content\/uploads\/elementor\/thumbs\/1000013578-1-scaled-rdx0dj4m4l3gdl2iq92r8ivh0m1qsou6zxmmzrneog.jpg\" title=\"1000013578\" alt=\"1000013578\" loading=\"lazy\" \/><\/figure><div class=\"elementor-image-box-content\"><h3 class=\"elementor-image-box-title\">Podsumowanie roku szkolnego 2024\/25<\/h3><p class=\"elementor-image-box-description\">W minionym roku szkolnym Samorz\u0105d Uczniowski dzia\u0142a\u0142 wyj\u0105tkowo pr\u0119\u017cnie! Uczniowie\nnie tylko zaanga\u017cowali si\u0119 w mi\u0119dzynarodowy projekt eTwinning, lecz tak\u017ce zorganizowali\nwiele wydarze\u0144 i akcji, kt\u00f3re ubarwi\u0142y \u017cycie szko\u0142y. W\u015br\u00f3d nich znalaz\u0142y si\u0119:\ndwa kiermasze,\nobchody Dnia Nauczyciela i Dnia Dziecka,\ndyskoteka karnawa\u0142owa,\nwiosenny pokaz mody,\nwymienialnia ksi\u0105\u017cek,\nzbi\u00f3rki na rzecz zwierz\u0105t.\nTo by\u0142 naprawd\u0119 aktywny i tw\u00f3rczy czas!\nA ju\u017c za nami nowe wybory do Samorz\u0105du Uczniowskiego i kolejne wyzwania.\nPrzed nami mn\u00f3stwo pracy i wiele pomys\u0142\u00f3w do zrealizowania.<\/p><\/div><\/div>\t\t\t\t<\/div>\n\t\t\t\t<\/div>\n\t\t\t\t\t<\/div>\n\t\t<\/div>\n\t\t\t\t\t<\/div>\n\t\t<\/section>\n\t\t\t\t<\/div>\n\t\t","protected":false},"excerpt":{"rendered":"<p>SAMORZ\u0104D UCZNIOWSKI \u2013 g\u0142os naszej spo\u0142eczno\u015bci szkolnej Razem tworzymy szko\u0142\u0119, w kt\u00f3rej liczy si\u0119 ka\u017cdy pomys\u0142 i ka\u017cda inicjatywa. AKTUALNO\u015aCI PIERWSZY SEMESTR &#8211; PODSUMOWANIE Pierwszy semestr by\u0142 dla Samorz\u0105du Uczniowskiego czasem aktywnej pracy i zaanga\u017cowania w \u017cycie szko\u0142y. Uczniowie z SU zorganizowali uroczyste obchody Dnia Nauczyciela, przygotowuj\u0105c mi\u0142\u0105 niespodziank\u0119 i wyra\u017caj\u0105c wdzi\u0119czno\u015b\u0107 wszystkim pedagogom za [&hellip;]<\/p>\n","protected":false},"author":1,"featured_media":0,"parent":0,"menu_order":0,"comment_status":"closed","ping_status":"closed","template":"elementor_header_footer","meta":{"footnotes":""},"class_list":["post-3537","page","type-page","status-publish","hentry"],"_links":{"self":[{"href":"https:\/\/eduspektrum.pl\/index.php\/wp-json\/wp\/v2\/pages\/3537","targetHints":{"allow":["GET"]}}],"collection":[{"href":"https:\/\/eduspektrum.pl\/index.php\/wp-json\/wp\/v2\/pages"}],"about":[{"href":"https:\/\/eduspektrum.pl\/index.php\/wp-json\/wp\/v2\/types\/page"}],"author":[{"embeddable":true,"href":"https:\/\/eduspektrum.pl\/index.php\/wp-json\/wp\/v2\/users\/1"}],"replies":[{"embeddable":true,"href":"https:\/\/eduspektrum.pl\/index.php\/wp-json\/wp\/v2\/comments?post=3537"}],"version-history":[{"count":17,"href":"https:\/\/eduspektrum.pl\/index.php\/wp-json\/wp\/v2\/pages\/3537\/revisions"}],"predecessor-version":[{"id":4245,"href":"https:\/\/eduspektrum.pl\/index.php\/wp-json\/wp\/v2\/pages\/3537\/revisions\/4245"}],"wp:attachment":[{"href":"https:\/\/eduspektrum.pl\/index.php\/wp-json\/wp\/v2\/media?parent=3537"}],"curies":[{"name":"wp","href":"https:\/\/api.w.org\/{rel}","templated":true}]}}